{"id":141,"date":"2020-07-08T13:02:28","date_gmt":"2020-07-08T13:02:28","guid":{"rendered":"https:\/\/4balance.ch\/?page_id=141"},"modified":"2026-03-25T13:24:18","modified_gmt":"2026-03-25T13:24:18","slug":"physiotherapie-praxis-in-muttenz","status":"publish","type":"page","link":"https:\/\/4balance.ch\/en\/physiotherapie-praxis-in-muttenz\/","title":{"rendered":"R\u00e4umlichkeiten &#038; Infrastruktur"},"content":{"rendered":"<p><div class=\"fusion-fullwidth fullwidth-box fusion-builder-row-1 has-pattern-background has-mask-background hundred-percent-fullwidth non-hundred-percent-height-scrolling fusion-no-small-visibility\" style=\"--awb-border-radius-top-left:0px;--awb-border-radius-top-right:0px;--awb-border-radius-bottom-right:0px;--awb-border-radius-bottom-left:0px;--awb-padding-right:50px;--awb-padding-left:50px;--awb-flex-wrap:wrap;\" ><div class=\"fusion-builder-row fusion-row\"><div class=\"fusion-layout-column fusion_builder_column fusion-builder-column-0 fusion_builder_column_1_1 1_1 fusion-one-full fusion-column-first fusion-column-last\" style=\"--awb-padding-top:30px;--awb-bg-size:cover;\" data-scroll-devices=\"small-visibility,medium-visibility,large-visibility\"><div class=\"fusion-column-wrapper fusion-column-has-shadow fusion-flex-column-wrapper-legacy\"><div class=\"fusion-sep-clear\"><\/div><div class=\"fusion-separator fusion-full-width-sep\" style=\"margin-left: auto;margin-right: auto;margin-top:50px;width:100%;\"><\/div><div class=\"fusion-sep-clear\"><\/div><div class=\"fusion-title title fusion-title-1 fusion-sep-none fusion-title-text fusion-title-size-one\" style=\"--awb-margin-top-small:10px;--awb-margin-right-small:0px;--awb-margin-bottom-small:10px;--awb-margin-left-small:0px;\"><h1 class=\"fusion-title-heading title-heading-left fusion-responsive-typography-calculated\" style=\"margin:0;--fontSize:32;line-height:1.16;\">4 Balance \u2013 Zentrum f\u00fcr Physiotherapie und medizinisches Training<\/h1><\/div><div class=\"fusion-title title fusion-title-2 fusion-sep-none fusion-title-text fusion-title-size-three\" style=\"--awb-margin-top-small:10px;--awb-margin-right-small:0px;--awb-margin-bottom-small:10px;--awb-margin-left-small:0px;\"><h3 class=\"fusion-title-heading title-heading-left fusion-responsive-typography-calculated\" style=\"margin:0;--fontSize:22;line-height:1.3;\">Muttenz \u2013 Pratteln \u2013 Baselland \u2013 Baselstadt<\/h3><\/div><div class=\"fusion-clearfix\"><\/div><\/div><\/div><\/div><\/div><div class=\"fusion-fullwidth fullwidth-box fusion-builder-row-2 has-pattern-background has-mask-background hundred-percent-fullwidth non-hundred-percent-height-scrolling fusion-no-medium-visibility fusion-no-large-visibility\" style=\"--awb-border-radius-top-left:0px;--awb-border-radius-top-right:0px;--awb-border-radius-bottom-right:0px;--awb-border-radius-bottom-left:0px;--awb-padding-right:30px;--awb-padding-left:30px;--awb-flex-wrap:wrap;\" ><div class=\"fusion-builder-row fusion-row\"><div class=\"fusion-layout-column fusion_builder_column fusion-builder-column-1 fusion_builder_column_1_1 1_1 fusion-one-full fusion-column-first fusion-column-last\" style=\"--awb-padding-top:30px;--awb-bg-size:cover;\" data-scroll-devices=\"small-visibility,medium-visibility,large-visibility\"><div class=\"fusion-column-wrapper fusion-column-has-shadow fusion-flex-column-wrapper-legacy\"><div class=\"fusion-sep-clear\"><\/div><div class=\"fusion-separator fusion-full-width-sep\" style=\"margin-left: auto;margin-right: auto;margin-top:50px;width:100%;\"><\/div><div class=\"fusion-sep-clear\"><\/div><div class=\"fusion-title title fusion-title-3 fusion-sep-none fusion-title-text fusion-title-size-one\" style=\"--awb-margin-top-small:10px;--awb-margin-right-small:0px;--awb-margin-bottom-small:10px;--awb-margin-left-small:0px;\"><h1 class=\"fusion-title-heading title-heading-left fusion-responsive-typography-calculated\" style=\"margin:0;--fontSize:32;line-height:1.16;\">4 Balance \u2013 Zentrum f\u00fcr Physiotherapie und medizinisches Training<\/h1><\/div><div class=\"fusion-title title fusion-title-4 fusion-sep-none fusion-title-text fusion-title-size-three\" style=\"--awb-margin-top-small:10px;--awb-margin-right-small:0px;--awb-margin-bottom-small:10px;--awb-margin-left-small:0px;\"><h3 class=\"fusion-title-heading title-heading-left fusion-responsive-typography-calculated\" style=\"margin:0;--fontSize:22;line-height:1.3;\">Muttenz \u2013 Pratteln \u2013 Baselland \u2013 Baselstadt<\/h3><\/div><div class=\"fusion-clearfix\"><\/div><\/div><\/div><\/div><\/div><div class=\"fusion-fullwidth fullwidth-box fusion-builder-row-3 fusion-flex-container has-pattern-background has-mask-background hundred-percent-fullwidth non-hundred-percent-height-scrolling\" style=\"--awb-border-radius-top-left:0px;--awb-border-radius-top-right:0px;--awb-border-radius-bottom-right:0px;--awb-border-radius-bottom-left:0px;--awb-padding-top:0px;--awb-padding-bottom:0px;--awb-margin-top:0px;--awb-margin-bottom:0px;--awb-flex-wrap:wrap;\" ><div class=\"fusion-builder-row fusion-row fusion-flex-align-items-stretch fusion-flex-content-wrap\" style=\"width:104% !important;max-width:104% !important;margin-left: calc(-4% \/ 2 );margin-right: calc(-4% \/ 2 );\"><div class=\"fusion-layout-column fusion_builder_column fusion-builder-column-2 fusion_builder_column_1_1 1_1 fusion-flex-column\" style=\"--awb-bg-size:cover;--awb-width-large:100%;--awb-margin-top-large:0px;--awb-spacing-right-large:1.92%;--awb-margin-bottom-large:0px;--awb-spacing-left-large:1.92%;--awb-width-medium:100%;--awb-order-medium:0;--awb-spacing-right-medium:1.92%;--awb-spacing-left-medium:1.92%;--awb-width-small:100%;--awb-order-small:0;--awb-spacing-right-small:1.92%;--awb-spacing-left-small:1.92%;\" data-scroll-devices=\"small-visibility,medium-visibility,large-visibility\"><div class=\"fusion-column-wrapper fusion-column-has-shadow fusion-flex-justify-content-flex-start fusion-content-layout-column\"><div class=\"fusion-section-separator section-separator waves-opacity fusion-section-separator-1 fusion-no-small-visibility\" style=\"--awb-spacer-padding-top:21.09375%;--awb-svg-margin-left:1.92%;--awb-svg-margin-right:1.92%;--awb-svg-margin-left-medium:1.92%;--awb-svg-margin-right-medium:1.92%;--awb-svg-margin-left-small:1.92%;--awb-svg-margin-right-small:1.92%;--awb-sep-font-size:0;--awb-sep-line-height:0;--awb-margin-top:-250px;\"><div class=\"fusion-section-separator-svg\"><svg class=\"fusion-waves-opacity-candy\" xmlns=\"http:\/\/www.w3.org\/2000\/svg\" version=\"1.1\" width=\"100%\" viewBox=\"0 0 1024 216\" preserveAspectRatio=\"none\" fill=\"rgba(239,239,239,1)\"><path class=\"st0\" d=\"M1024.1 1.068c-19.4-.5-38.7-1.6-57.7-.3-206.6 15-248.5 126.6-455 143.8-184.8 15.5-285.7-60.9-464.3-41.3-16.9 1.8-32.5 4.4-47.1 7.6l.1 105.2h1024v-215z\"\/>\n\t\t\t\t\t\t\t\t\t\t<path class=\"st1\" d=\"M1024.1 20.068c-30.2-1.6-59.6-1.6-86.8.4-206.6 15.1-197.3 122.6-403.9 139.8-184.9 15.5-278.5-58.2-457.1-38.4-28.3 3.2-53.5 8.2-76.2 14.6v79.744h1024V20.068z\"\/>\n\t\t\t\t\t\t\t\t\t\t<path class=\"st2\" d=\"M1024.1 46.668c-22.2-.3-43.8.2-64.2 1.7-206.6 15-197.8 112.5-404.4 129.7-184.8 15.5-226.8-51.1-405.4-31.3-54.8 6-104.9 18.3-150 33.7v35.744h1024V46.668z\"\/>\n\t\t\t\t\t\t\t\t\t\t<path class=\"st3\" d=\"M1024.1 54.368c-4 .2-8 .4-11.9.7-206.5 15.1-227.9 124.4-434.5 141.6-184.9 15.5-226.3-41.1-404.9-21.3-64 7.2-121.9 20.8-172.7 37.9v3.044h1024V54.368z\"\/>\n\t\t\t\t\t\t\t\t\t<\/svg><\/div><div class=\"fusion-section-separator-spacer\"><div class=\"fusion-section-separator-spacer-height\"><\/div><\/div><\/div><\/div><\/div>\n<div class=\"fusion-layout-column fusion_builder_column fusion-builder-column-3 fusion_builder_column_1_2 1_2 fusion-flex-column\" style=\"--awb-padding-right:60px;--awb-padding-bottom:60px;--awb-padding-left:60px;--awb-padding-top-small:15px;--awb-padding-right-small:15px;--awb-padding-bottom-small:15px;--awb-padding-left-small:15px;--awb-bg-color:#efefef;--awb-bg-color-hover:#efefef;--awb-bg-size:cover;--awb-width-large:50%;--awb-margin-top-large:0px;--awb-spacing-right-large:0px;--awb-margin-bottom-large:0px;--awb-spacing-left-large:0px;--awb-width-medium:100%;--awb-order-medium:0;--awb-spacing-right-medium:1.92%;--awb-spacing-left-medium:1.92%;--awb-width-small:100%;--awb-order-small:0;--awb-spacing-right-small:0%;--awb-spacing-left-small:0%;\" data-scroll-devices=\"small-visibility,medium-visibility,large-visibility\"><div class=\"fusion-column-wrapper fusion-column-has-shadow fusion-flex-justify-content-flex-start fusion-content-layout-column\"><div class=\"fusion-title title fusion-title-5 fusion-sep-none fusion-title-text fusion-title-size-two\" style=\"--awb-margin-top-small:10px;--awb-margin-right-small:0px;--awb-margin-bottom-small:10px;--awb-margin-left-small:0px;\"><h2 class=\"fusion-title-heading title-heading-left fusion-responsive-typography-calculated\" style=\"margin:0;--fontSize:24;line-height:1.2;\">R\u00e4umlichkeiten &amp; Infrastruktur<\/h2><\/div><ul style=\"--awb-line-height:27.2px;--awb-icon-width:27.2px;--awb-icon-height:27.2px;--awb-icon-margin:11.2px;--awb-content-margin:38.4px;--awb-circlecolor:#980d2c;--awb-circle-yes-font-size:14.08px;\" class=\"fusion-checklist fusion-checklist-1 fusion-checklist-default type-icons\"><li class=\"fusion-li-item\" style=\"\"><span class=\"icon-wrapper circle-yes\"><i class=\"fusion-li-icon awb-icon-check\" aria-hidden=\"true\"><\/i><\/span><div class=\"fusion-li-item-content\">\n<p>Grossz\u00fcgige moderne klimatisierte R\u00e4umlichkeiten mit 450 qm, die aussschliesslich f\u00fcr unser Institut geplant und eingerichtet wurden.<\/p>\n<\/div><\/li><li class=\"fusion-li-item\" style=\"\"><span class=\"icon-wrapper circle-yes\"><i class=\"fusion-li-icon awb-icon-check\" aria-hidden=\"true\"><\/i><\/span><div class=\"fusion-li-item-content\">\n<p>Wir k\u00f6nnen alle Bed\u00fcrfnisse einer zeitgem\u00e4ssen Physiotherapie, einem ambulanten Rehazentrum in Synergie mit einem medizinischen Trainingszentrum erf\u00fcllen.<\/p>\n<\/div><\/li><li class=\"fusion-li-item\" style=\"\"><span class=\"icon-wrapper circle-yes\"><i class=\"fusion-li-icon awb-icon-check\" aria-hidden=\"true\"><\/i><\/span><div class=\"fusion-li-item-content\">\n<p>Es besteht ein grosser rollstuhlg\u00e4ngiger Lift ohne Stufen und zus\u00e4tzlich 8 Parkpl\u00e4tze direkt vor der Praxis.<\/p>\n<\/div><\/li><li class=\"fusion-li-item\" style=\"\"><span class=\"icon-wrapper circle-yes\"><i class=\"fusion-li-icon awb-icon-check\" aria-hidden=\"true\"><\/i><\/span><div class=\"fusion-li-item-content\">\n<p>Mit unserer Lage direkt am Bahnhof Muttenz sind wir zudem optimal an den \u00f6ffentlichen Verkehr in der Agglomeration Basel angebunden.<\/p>\n<\/div><\/li><\/ul><div class=\"fusion-separator fusion-full-width-sep\" style=\"align-self: center;margin-left: auto;margin-right: auto;margin-top:20px;width:100%;\"><\/div><\/div><\/div><div class=\"fusion-layout-column fusion_builder_column fusion-builder-column-4 fusion_builder_column_1_2 1_2 fusion-flex-column fusion-no-small-visibility\" style=\"--awb-bg-color:#efefef;--awb-bg-color-hover:#efefef;--awb-bg-position:center center;--awb-bg-size:cover;--awb-width-large:50%;--awb-margin-top-large:0px;--awb-spacing-right-large:0px;--awb-margin-bottom-large:0px;--awb-spacing-left-large:0px;--awb-width-medium:100%;--awb-order-medium:0;--awb-spacing-right-medium:1.92%;--awb-spacing-left-medium:1.92%;--awb-width-small:100%;--awb-order-small:0;--awb-spacing-right-small:1.92%;--awb-spacing-left-small:1.92%;\" data-scroll-devices=\"small-visibility,medium-visibility,large-visibility\"><div class=\"fusion-column-wrapper fusion-column-has-shadow fusion-flex-justify-content-flex-start fusion-content-layout-column\"><\/div><\/div><div class=\"fusion-layout-column fusion_builder_column fusion-builder-column-5 fusion_builder_column_1_1 1_1 fusion-flex-column\" style=\"--awb-bg-size:cover;--awb-width-large:100%;--awb-margin-top-large:0px;--awb-spacing-right-large:1.92%;--awb-margin-bottom-large:20px;--awb-spacing-left-large:1.92%;--awb-width-medium:100%;--awb-order-medium:0;--awb-spacing-right-medium:1.92%;--awb-spacing-left-medium:1.92%;--awb-width-small:100%;--awb-order-small:0;--awb-spacing-right-small:0%;--awb-spacing-left-small:0%;\" data-scroll-devices=\"small-visibility,medium-visibility,large-visibility\"><div class=\"fusion-column-wrapper fusion-column-has-shadow fusion-flex-justify-content-flex-start fusion-content-layout-column\"><div class=\"awb-gallery-wrapper awb-gallery-wrapper-1 button-span-no\" style=\"--more-btn-alignment:center;\"><div style=\"margin:-5px;--awb-bordersize:0px;--awb-columns-medium:33.3333%;--awb-columns-small:33.3333%;\" class=\"fusion-gallery fusion-gallery-container fusion-grid-3 fusion-columns-total-6 fusion-gallery-layout-grid fusion-gallery-1\"><div style=\"padding:5px;\" class=\"fusion-grid-column fusion-gallery-column fusion-gallery-column-3 hover-type-none\"><div class=\"fusion-gallery-image\"><a href=\"https:\/\/4balance.ch\/wp-content\/uploads\/2024\/06\/4Balance_Muttenz_035-scaled.jpg\" rel=\"noreferrer\" data-rel=\"iLightbox[gallery_image_1]\" class=\"fusion-lightbox\" target=\"_self\"><img decoding=\"async\" src=\"https:\/\/4balance.ch\/wp-content\/uploads\/2024\/06\/4Balance_Muttenz_035-scaled.jpg\" width=\"2560\" height=\"1685\" alt=\"\" title=\"4Balance_Muttenz_035\" aria-label=\"4Balance_Muttenz_035\" class=\"img-responsive wp-image-9346\" srcset=\"https:\/\/4balance.ch\/wp-content\/uploads\/2024\/06\/4Balance_Muttenz_035-200x132.jpg 200w, https:\/\/4balance.ch\/wp-content\/uploads\/2024\/06\/4Balance_Muttenz_035-400x263.jpg 400w, https:\/\/4balance.ch\/wp-content\/uploads\/2024\/06\/4Balance_Muttenz_035-600x395.jpg 600w, https:\/\/4balance.ch\/wp-content\/uploads\/2024\/06\/4Balance_Muttenz_035-800x526.jpg 800w, https:\/\/4balance.ch\/wp-content\/uploads\/2024\/06\/4Balance_Muttenz_035-1200x790.jpg 1200w, https:\/\/4balance.ch\/wp-content\/uploads\/2024\/06\/4Balance_Muttenz_035-scaled.jpg 2560w\" sizes=\"(min-width: 2200px) 100vw, (min-width: 784px) 397px, (min-width: 712px) 595px, (min-width: 640px) 712px, \"><\/a><\/div><\/div><div style=\"padding:5px;\" class=\"fusion-grid-column fusion-gallery-column fusion-gallery-column-3 hover-type-none\"><div class=\"fusion-gallery-image\"><a href=\"https:\/\/4balance.ch\/wp-content\/uploads\/2024\/06\/4Balance_Muttenz_039-scaled.jpg\" rel=\"noreferrer\" data-rel=\"iLightbox[gallery_image_1]\" class=\"fusion-lightbox\" target=\"_self\"><img decoding=\"async\" src=\"https:\/\/4balance.ch\/wp-content\/uploads\/2024\/06\/4Balance_Muttenz_039-scaled.jpg\" width=\"2560\" height=\"1707\" alt=\"\" title=\"4Balance_Muttenz_039\" aria-label=\"4Balance_Muttenz_039\" class=\"img-responsive wp-image-9348\" srcset=\"https:\/\/4balance.ch\/wp-content\/uploads\/2024\/06\/4Balance_Muttenz_039-200x133.jpg 200w, https:\/\/4balance.ch\/wp-content\/uploads\/2024\/06\/4Balance_Muttenz_039-400x267.jpg 400w, https:\/\/4balance.ch\/wp-content\/uploads\/2024\/06\/4Balance_Muttenz_039-600x400.jpg 600w, https:\/\/4balance.ch\/wp-content\/uploads\/2024\/06\/4Balance_Muttenz_039-800x533.jpg 800w, https:\/\/4balance.ch\/wp-content\/uploads\/2024\/06\/4Balance_Muttenz_039-1200x800.jpg 1200w, https:\/\/4balance.ch\/wp-content\/uploads\/2024\/06\/4Balance_Muttenz_039-scaled.jpg 2560w\" sizes=\"(min-width: 2200px) 100vw, (min-width: 784px) 397px, (min-width: 712px) 595px, (min-width: 640px) 712px, \"><\/a><\/div><\/div><div style=\"padding:5px;\" class=\"fusion-grid-column fusion-gallery-column fusion-gallery-column-3 hover-type-none\"><div class=\"fusion-gallery-image\"><a href=\"https:\/\/4balance.ch\/wp-content\/uploads\/2025\/09\/4Balance_Muttenz_0880.jpg\" rel=\"noreferrer\" data-rel=\"iLightbox[gallery_image_1]\" class=\"fusion-lightbox\" target=\"_self\"><img decoding=\"async\" src=\"https:\/\/4balance.ch\/wp-content\/uploads\/2025\/09\/4Balance_Muttenz_0880.jpg\" width=\"1800\" height=\"1200\" alt=\"\" title=\"4Balance_Muttenz_0880\" aria-label=\"4Balance_Muttenz_0880\" class=\"img-responsive wp-image-10613\" srcset=\"https:\/\/4balance.ch\/wp-content\/uploads\/2025\/09\/4Balance_Muttenz_0880-200x133.jpg 200w, https:\/\/4balance.ch\/wp-content\/uploads\/2025\/09\/4Balance_Muttenz_0880-400x267.jpg 400w, https:\/\/4balance.ch\/wp-content\/uploads\/2025\/09\/4Balance_Muttenz_0880-600x400.jpg 600w, https:\/\/4balance.ch\/wp-content\/uploads\/2025\/09\/4Balance_Muttenz_0880-800x533.jpg 800w, https:\/\/4balance.ch\/wp-content\/uploads\/2025\/09\/4Balance_Muttenz_0880-1200x800.jpg 1200w, https:\/\/4balance.ch\/wp-content\/uploads\/2025\/09\/4Balance_Muttenz_0880.jpg 1800w\" sizes=\"(min-width: 2200px) 100vw, (min-width: 784px) 397px, (min-width: 712px) 595px, (min-width: 640px) 712px, \"><\/a><\/div><\/div><div class=\"clearfix\"><\/div><div style=\"padding:5px;\" class=\"fusion-grid-column fusion-gallery-column fusion-gallery-column-3 hover-type-none\"><div class=\"fusion-gallery-image\"><a href=\"https:\/\/4balance.ch\/wp-content\/uploads\/2025\/09\/4Balance_Muttenz_0928-1.jpg\" rel=\"noreferrer\" data-rel=\"iLightbox[gallery_image_1]\" class=\"fusion-lightbox\" target=\"_self\"><img decoding=\"async\" src=\"https:\/\/4balance.ch\/wp-content\/uploads\/2025\/09\/4Balance_Muttenz_0928-1.jpg\" width=\"1800\" height=\"1200\" alt=\"\" title=\"4Balance_Muttenz_0928\" aria-label=\"4Balance_Muttenz_0928\" class=\"img-responsive wp-image-10617\" srcset=\"https:\/\/4balance.ch\/wp-content\/uploads\/2025\/09\/4Balance_Muttenz_0928-1-200x133.jpg 200w, https:\/\/4balance.ch\/wp-content\/uploads\/2025\/09\/4Balance_Muttenz_0928-1-400x267.jpg 400w, https:\/\/4balance.ch\/wp-content\/uploads\/2025\/09\/4Balance_Muttenz_0928-1-600x400.jpg 600w, https:\/\/4balance.ch\/wp-content\/uploads\/2025\/09\/4Balance_Muttenz_0928-1-800x533.jpg 800w, https:\/\/4balance.ch\/wp-content\/uploads\/2025\/09\/4Balance_Muttenz_0928-1-1200x800.jpg 1200w, https:\/\/4balance.ch\/wp-content\/uploads\/2025\/09\/4Balance_Muttenz_0928-1.jpg 1800w\" sizes=\"(min-width: 2200px) 100vw, (min-width: 784px) 397px, (min-width: 712px) 595px, (min-width: 640px) 712px, \"><\/a><\/div><\/div><div style=\"padding:5px;\" class=\"fusion-grid-column fusion-gallery-column fusion-gallery-column-3 hover-type-none\"><div class=\"fusion-gallery-image\"><a href=\"https:\/\/4balance.ch\/wp-content\/uploads\/2025\/09\/4Balance_Muttenz_0926.jpg\" rel=\"noreferrer\" data-rel=\"iLightbox[gallery_image_1]\" class=\"fusion-lightbox\" target=\"_self\"><img decoding=\"async\" src=\"https:\/\/4balance.ch\/wp-content\/uploads\/2025\/09\/4Balance_Muttenz_0926.jpg\" width=\"1800\" height=\"1200\" alt=\"\" title=\"4Balance_Muttenz_0926\" aria-label=\"4Balance_Muttenz_0926\" class=\"img-responsive wp-image-10619\" srcset=\"https:\/\/4balance.ch\/wp-content\/uploads\/2025\/09\/4Balance_Muttenz_0926-200x133.jpg 200w, https:\/\/4balance.ch\/wp-content\/uploads\/2025\/09\/4Balance_Muttenz_0926-400x267.jpg 400w, https:\/\/4balance.ch\/wp-content\/uploads\/2025\/09\/4Balance_Muttenz_0926-600x400.jpg 600w, https:\/\/4balance.ch\/wp-content\/uploads\/2025\/09\/4Balance_Muttenz_0926-800x533.jpg 800w, https:\/\/4balance.ch\/wp-content\/uploads\/2025\/09\/4Balance_Muttenz_0926-1200x800.jpg 1200w, https:\/\/4balance.ch\/wp-content\/uploads\/2025\/09\/4Balance_Muttenz_0926.jpg 1800w\" sizes=\"(min-width: 2200px) 100vw, (min-width: 784px) 397px, (min-width: 712px) 595px, (min-width: 640px) 712px, \"><\/a><\/div><\/div><div style=\"padding:5px;\" class=\"fusion-grid-column fusion-gallery-column fusion-gallery-column-3 hover-type-none\"><div class=\"fusion-gallery-image\"><a href=\"https:\/\/4balance.ch\/wp-content\/uploads\/2025\/09\/4Balance_Muttenz_0946-3.jpg\" rel=\"noreferrer\" data-rel=\"iLightbox[gallery_image_1]\" class=\"fusion-lightbox\" target=\"_self\"><img decoding=\"async\" src=\"https:\/\/4balance.ch\/wp-content\/uploads\/2025\/09\/4Balance_Muttenz_0946-3.jpg\" width=\"1800\" height=\"1200\" alt=\"\" title=\"4Balance_Muttenz_0946-3\" aria-label=\"4Balance_Muttenz_0946-3\" class=\"img-responsive wp-image-10621\" srcset=\"https:\/\/4balance.ch\/wp-content\/uploads\/2025\/09\/4Balance_Muttenz_0946-3-200x133.jpg 200w, https:\/\/4balance.ch\/wp-content\/uploads\/2025\/09\/4Balance_Muttenz_0946-3-400x267.jpg 400w, https:\/\/4balance.ch\/wp-content\/uploads\/2025\/09\/4Balance_Muttenz_0946-3-600x400.jpg 600w, https:\/\/4balance.ch\/wp-content\/uploads\/2025\/09\/4Balance_Muttenz_0946-3-800x533.jpg 800w, https:\/\/4balance.ch\/wp-content\/uploads\/2025\/09\/4Balance_Muttenz_0946-3-1200x800.jpg 1200w, https:\/\/4balance.ch\/wp-content\/uploads\/2025\/09\/4Balance_Muttenz_0946-3.jpg 1800w\" sizes=\"(min-width: 2200px) 100vw, (min-width: 784px) 397px, (min-width: 712px) 595px, (min-width: 640px) 712px, \"><\/a><\/div><\/div><div class=\"clearfix\"><\/div><\/div><\/div><\/div><\/div><\/div><\/div><\/p>\n","protected":false},"excerpt":{"rendered":"","protected":false},"author":4,"featured_media":0,"parent":0,"menu_order":0,"comment_status":"closed","ping_status":"closed","template":"100-width.php","meta":{"footnotes":""},"class_list":["post-141","page","type-page","status-publish","hentry"],"_links":{"self":[{"href":"https:\/\/4balance.ch\/en\/wp-json\/wp\/v2\/pages\/141","targetHints":{"allow":["GET"]}}],"collection":[{"href":"https:\/\/4balance.ch\/en\/wp-json\/wp\/v2\/pages"}],"about":[{"href":"https:\/\/4balance.ch\/en\/wp-json\/wp\/v2\/types\/page"}],"author":[{"embeddable":true,"href":"https:\/\/4balance.ch\/en\/wp-json\/wp\/v2\/users\/4"}],"replies":[{"embeddable":true,"href":"https:\/\/4balance.ch\/en\/wp-json\/wp\/v2\/comments?post=141"}],"version-history":[{"count":19,"href":"https:\/\/4balance.ch\/en\/wp-json\/wp\/v2\/pages\/141\/revisions"}],"predecessor-version":[{"id":11022,"href":"https:\/\/4balance.ch\/en\/wp-json\/wp\/v2\/pages\/141\/revisions\/11022"}],"wp:attachment":[{"href":"https:\/\/4balance.ch\/en\/wp-json\/wp\/v2\/media?parent=141"}],"curies":[{"name":"wp","href":"https:\/\/api.w.org\/{rel}","templated":true}]}}