{"id":9770,"date":"2024-11-04T08:41:43","date_gmt":"2024-11-04T08:41:43","guid":{"rendered":"https:\/\/4balance.ch\/?page_id=9770"},"modified":"2025-12-17T06:46:53","modified_gmt":"2025-12-17T06:46:53","slug":"allgemeine-geschaeftsbedingungen","status":"publish","type":"page","link":"https:\/\/4balance.ch\/en\/allgemeine-geschaeftsbedingungen\/","title":{"rendered":"Allgemeine Gesch\u00e4ftsbedingungen"},"content":{"rendered":"<p><div class=\"fusion-fullwidth fullwidth-box fusion-builder-row-1 has-pattern-background has-mask-background nonhundred-percent-fullwidth non-hundred-percent-height-scrolling\" style=\"--awb-border-radius-top-left:0px;--awb-border-radius-top-right:0px;--awb-border-radius-bottom-right:0px;--awb-border-radius-bottom-left:0px;--awb-flex-wrap:wrap;\" ><div class=\"fusion-builder-row fusion-row\"><div class=\"fusion-layout-column fusion_builder_column fusion-builder-column-0 fusion_builder_column_1_1 1_1 fusion-one-full fusion-column-first fusion-column-last\" style=\"--awb-bg-size:cover;\" data-scroll-devices=\"small-visibility,medium-visibility,large-visibility\"><div class=\"fusion-column-wrapper fusion-column-has-shadow fusion-flex-column-wrapper-legacy\"><div class=\"fusion-sep-clear\"><\/div><div class=\"fusion-separator fusion-full-width-sep\" style=\"margin-left: auto;margin-right: auto;margin-top:50px;width:100%;\"><\/div><div class=\"fusion-sep-clear\"><\/div><div class=\"fusion-title title fusion-title-1 fusion-sep-none fusion-title-text fusion-title-size-one\" style=\"--awb-margin-top-small:10px;--awb-margin-right-small:0px;--awb-margin-bottom-small:10px;--awb-margin-left-small:0px;\"><h1 class=\"fusion-title-heading title-heading-left fusion-responsive-typography-calculated\" style=\"margin:0;--fontSize:32;line-height:1.16;\">Allgemeine Gesch\u00e4ftsbedingungen AGB<\/h1><\/div><div class=\"fusion-sep-clear\"><\/div><div class=\"fusion-separator fusion-full-width-sep\" style=\"margin-left: auto;margin-right: auto;margin-top:20px;width:100%;\"><\/div><div class=\"fusion-sep-clear\"><\/div><div class=\"fusion-clearfix\"><\/div><\/div><\/div><\/div><\/div><div class=\"fusion-fullwidth fullwidth-box fusion-builder-row-2 fusion-flex-container has-pattern-background has-mask-background hundred-percent-fullwidth non-hundred-percent-height-scrolling\" style=\"--awb-border-radius-top-left:0px;--awb-border-radius-top-right:0px;--awb-border-radius-bottom-right:0px;--awb-border-radius-bottom-left:0px;--awb-padding-top:0px;--awb-padding-bottom:0px;--awb-margin-top:0px;--awb-margin-bottom:0px;--awb-flex-wrap:wrap;\" ><div class=\"fusion-builder-row fusion-row fusion-flex-align-items-stretch fusion-flex-content-wrap\" style=\"width:104% !important;max-width:104% !important;margin-left: calc(-4% \/ 2 );margin-right: calc(-4% \/ 2 );\"><div class=\"fusion-layout-column fusion_builder_column fusion-builder-column-1 fusion_builder_column_1_1 1_1 fusion-flex-column\" style=\"--awb-bg-size:cover;--awb-width-large:100%;--awb-margin-top-large:0px;--awb-spacing-right-large:1.92%;--awb-margin-bottom-large:0px;--awb-spacing-left-large:1.92%;--awb-width-medium:100%;--awb-order-medium:0;--awb-spacing-right-medium:1.92%;--awb-spacing-left-medium:1.92%;--awb-width-small:100%;--awb-order-small:0;--awb-spacing-right-small:1.92%;--awb-spacing-left-small:1.92%;\" data-scroll-devices=\"small-visibility,medium-visibility,large-visibility\"><div class=\"fusion-column-wrapper fusion-column-has-shadow fusion-flex-justify-content-flex-start fusion-content-layout-column\"><div class=\"fusion-section-separator section-separator waves-opacity fusion-section-separator-1 fusion-no-small-visibility\" style=\"--awb-spacer-padding-top:21.09375%;--awb-svg-margin-left:1.92%;--awb-svg-margin-right:1.92%;--awb-svg-margin-left-medium:1.92%;--awb-svg-margin-right-medium:1.92%;--awb-svg-margin-left-small:1.92%;--awb-svg-margin-right-small:1.92%;--awb-sep-font-size:0;--awb-sep-line-height:0;--awb-margin-top:-250px;\"><div class=\"fusion-section-separator-svg\"><svg class=\"fusion-waves-opacity-candy\" xmlns=\"http:\/\/www.w3.org\/2000\/svg\" version=\"1.1\" width=\"100%\" viewBox=\"0 0 1024 216\" preserveAspectRatio=\"none\" fill=\"rgba(239,239,239,1)\"><path class=\"st0\" d=\"M1024.1 1.068c-19.4-.5-38.7-1.6-57.7-.3-206.6 15-248.5 126.6-455 143.8-184.8 15.5-285.7-60.9-464.3-41.3-16.9 1.8-32.5 4.4-47.1 7.6l.1 105.2h1024v-215z\"\/>\n\t\t\t\t\t\t\t\t\t\t<path class=\"st1\" d=\"M1024.1 20.068c-30.2-1.6-59.6-1.6-86.8.4-206.6 15.1-197.3 122.6-403.9 139.8-184.9 15.5-278.5-58.2-457.1-38.4-28.3 3.2-53.5 8.2-76.2 14.6v79.744h1024V20.068z\"\/>\n\t\t\t\t\t\t\t\t\t\t<path class=\"st2\" d=\"M1024.1 46.668c-22.2-.3-43.8.2-64.2 1.7-206.6 15-197.8 112.5-404.4 129.7-184.8 15.5-226.8-51.1-405.4-31.3-54.8 6-104.9 18.3-150 33.7v35.744h1024V46.668z\"\/>\n\t\t\t\t\t\t\t\t\t\t<path class=\"st3\" d=\"M1024.1 54.368c-4 .2-8 .4-11.9.7-206.5 15.1-227.9 124.4-434.5 141.6-184.9 15.5-226.3-41.1-404.9-21.3-64 7.2-121.9 20.8-172.7 37.9v3.044h1024V54.368z\"\/>\n\t\t\t\t\t\t\t\t\t<\/svg><\/div><div class=\"fusion-section-separator-spacer\"><div class=\"fusion-section-separator-spacer-height\"><\/div><\/div><\/div><\/div><\/div>\n<\/div><\/div><div class=\"fusion-fullwidth fullwidth-box fusion-builder-row-3 fusion-flex-container has-pattern-background has-mask-background nonhundred-percent-fullwidth non-hundred-percent-height-scrolling\" style=\"--awb-border-radius-top-left:0px;--awb-border-radius-top-right:0px;--awb-border-radius-bottom-right:0px;--awb-border-radius-bottom-left:0px;--awb-background-color:#efefef;--awb-flex-wrap:wrap;\" ><div class=\"fusion-builder-row fusion-row fusion-flex-align-items-flex-start fusion-flex-content-wrap\" style=\"max-width:1248px;margin-left: calc(-4% \/ 2 );margin-right: calc(-4% \/ 2 );\"><div class=\"fusion-layout-column fusion_builder_column fusion-builder-column-2 fusion_builder_column_1_1 1_1 fusion-flex-column\" style=\"--awb-bg-size:cover;--awb-width-large:100%;--awb-margin-top-large:0px;--awb-spacing-right-large:1.92%;--awb-margin-bottom-large:20px;--awb-spacing-left-large:1.92%;--awb-width-medium:100%;--awb-order-medium:0;--awb-spacing-right-medium:1.92%;--awb-spacing-left-medium:1.92%;--awb-width-small:100%;--awb-order-small:0;--awb-spacing-right-small:1.92%;--awb-spacing-left-small:1.92%;\"><div class=\"fusion-column-wrapper fusion-column-has-shadow fusion-flex-justify-content-flex-start fusion-content-layout-column\"><div class=\"accordian fusion-accordian\" style=\"--awb-border-size:1px;--awb-icon-size:20px;--awb-content-font-size:16px;--awb-icon-alignment:left;--awb-hover-color:#f9f9fb;--awb-border-color:#e2e2e2;--awb-background-color:#ffffff;--awb-divider-color:#e2e2e2;--awb-divider-hover-color:#e2e2e2;--awb-icon-color:var(--awb-color7);--awb-title-color:#000000;--awb-content-color:#4a4e57;--awb-icon-box-color:#212934;--awb-toggle-hover-accent-color:#980d2c;--awb-title-font-family:&quot;Kumbh Sans&quot;;--awb-title-font-weight:400;--awb-title-font-style:normal;--awb-title-font-size:16px;--awb-content-font-family:&quot;Open Sans&quot;;--awb-content-font-style:normal;--awb-content-font-weight:400;\"><div class=\"panel-group fusion-toggle-icon-unboxed\" id=\"accordion-9770-1\"><div class=\"fusion-panel panel-default panel-72185f1d4507bdeed fusion-toggle-has-divider\" style=\"--awb-title-color:#970f2c;--awb-content-color:#4a4e57;\"><div class=\"panel-heading\"><h4 class=\"panel-title toggle\" id=\"toggle_72185f1d4507bdeed\"><a aria-expanded=\"false\" aria-controls=\"72185f1d4507bdeed\" role=\"button\" data-toggle=\"collapse\" data-parent=\"#accordion-9770-1\" data-target=\"#72185f1d4507bdeed\" href=\"#72185f1d4507bdeed\"><span class=\"fusion-toggle-icon-wrapper\" aria-hidden=\"true\"><i class=\"fa-fusion-box active-icon awb-icon-minus\" aria-hidden=\"true\"><\/i><i class=\"fa-fusion-box inactive-icon fa-angle-right fas\" aria-hidden=\"true\"><\/i><\/span><span class=\"fusion-toggle-heading\">1. Geltungsbereich <\/span><\/a><\/h4><\/div><div id=\"72185f1d4507bdeed\" class=\"panel-collapse collapse \" aria-labelledby=\"toggle_72185f1d4507bdeed\"><div class=\"panel-body toggle-content fusion-clearfix\">\n<p>Diese Bedingungen regeln das Verh\u00e4ltnis zwischen 4 Balance Zentrum f\u00fcr Physiotherapie und Training (im Folgenden \u201e4 Balance\u201c) und den Klient*innen (im Folgenden \u201eKlient\u201c) f\u00fcr die gebuchten Dienstleistungen. Mit der Terminbuchung oder dem Abschluss eines Trainingsabonnements erkennt der Klient die AGB an, die aktuelle Version ist jederzeit auf unserer Website verf\u00fcgbar.<\/p>\n<\/div><\/div><\/div><div class=\"fusion-panel panel-default panel-821af26d089d14590 fusion-toggle-has-divider\" style=\"--awb-title-color:#970f2c;--awb-content-color:#4a4e57;\"><div class=\"panel-heading\"><h4 class=\"panel-title toggle\" id=\"toggle_821af26d089d14590\"><a aria-expanded=\"false\" aria-controls=\"821af26d089d14590\" role=\"button\" data-toggle=\"collapse\" data-parent=\"#accordion-9770-1\" data-target=\"#821af26d089d14590\" href=\"#821af26d089d14590\"><span class=\"fusion-toggle-icon-wrapper\" aria-hidden=\"true\"><i class=\"fa-fusion-box active-icon awb-icon-minus\" aria-hidden=\"true\"><\/i><i class=\"fa-fusion-box inactive-icon fa-angle-right fas\" aria-hidden=\"true\"><\/i><\/span><span class=\"fusion-toggle-heading\">2. Datenschutz <\/span><\/a><\/h4><\/div><div id=\"821af26d089d14590\" class=\"panel-collapse collapse \" aria-labelledby=\"toggle_821af26d089d14590\"><div class=\"panel-body toggle-content fusion-clearfix\">\n<p>4 Balance behandelt alle pers\u00f6nlichen Daten vertraulich und gem\u00e4\u00df den geltenden Datenschutzbestimmungen der Schweiz. Die Patientendaten geh\u00f6ren dem Klienten und werden auf Anfrage jederzeit herausgegeben. Zur Verwaltung und Fakturierung k\u00f6nnen Daten mit involvierten Therapeut*innen sowie externen Partnern wie \u00c4rzten, Vertrauens\u00e4rzten und Softwaredienstleistern ausgetauscht werden.<\/p>\n<\/div><\/div><\/div><div class=\"fusion-panel panel-default panel-dfc2d45ccf5971ce0 fusion-toggle-has-divider\" style=\"--awb-title-color:#970f2c;--awb-content-color:#4a4e57;\"><div class=\"panel-heading\"><h4 class=\"panel-title toggle\" id=\"toggle_dfc2d45ccf5971ce0\"><a aria-expanded=\"false\" aria-controls=\"dfc2d45ccf5971ce0\" role=\"button\" data-toggle=\"collapse\" data-parent=\"#accordion-9770-1\" data-target=\"#dfc2d45ccf5971ce0\" href=\"#dfc2d45ccf5971ce0\"><span class=\"fusion-toggle-icon-wrapper\" aria-hidden=\"true\"><i class=\"fa-fusion-box active-icon awb-icon-minus\" aria-hidden=\"true\"><\/i><i class=\"fa-fusion-box inactive-icon fa-angle-right fas\" aria-hidden=\"true\"><\/i><\/span><span class=\"fusion-toggle-heading\">3. Terminabsagen<\/span><\/a><\/h4><\/div><div id=\"dfc2d45ccf5971ce0\" class=\"panel-collapse collapse \" aria-labelledby=\"toggle_dfc2d45ccf5971ce0\"><div class=\"panel-body toggle-content fusion-clearfix\">\n<p>Gebuchte Termine sind verbindlich und werden exklusiv f\u00fcr den Klienten reserviert. Sollte ein Termin nicht wahrgenommen oder weniger als 24 Stunden (25 min. Termine) und 36 Stunden ab (40 min. Terminen) im Voraus abgesagt werden, wird der Klient f\u00fcr eine Geb\u00fchr in H\u00f6he des entsprechenden Honorars Zahlungspflichtig.<\/p>\n<\/div><\/div><\/div><div class=\"fusion-panel panel-default panel-cc1afc4eec4363096 fusion-toggle-has-divider\" style=\"--awb-title-color:#970f2c;--awb-content-color:#4a4e57;\"><div class=\"panel-heading\"><h4 class=\"panel-title toggle\" id=\"toggle_cc1afc4eec4363096\"><a aria-expanded=\"false\" aria-controls=\"cc1afc4eec4363096\" role=\"button\" data-toggle=\"collapse\" data-parent=\"#accordion-9770-1\" data-target=\"#cc1afc4eec4363096\" href=\"#cc1afc4eec4363096\"><span class=\"fusion-toggle-icon-wrapper\" aria-hidden=\"true\"><i class=\"fa-fusion-box active-icon awb-icon-minus\" aria-hidden=\"true\"><\/i><i class=\"fa-fusion-box inactive-icon fa-angle-right fas\" aria-hidden=\"true\"><\/i><\/span><span class=\"fusion-toggle-heading\">4. Zahlung und Rechnungsstellung <\/span><\/a><\/h4><\/div><div id=\"cc1afc4eec4363096\" class=\"panel-collapse collapse \" aria-labelledby=\"toggle_cc1afc4eec4363096\"><div class=\"panel-body toggle-content fusion-clearfix\">\n<p>F\u00fcr \u00e4rztlich verordnete Behandlungen, die durch die Krankenkasse abgedeckt sind, erfolgt die Verrechnung direkt mit der Versicherung (System \u201eTiers payant\u201c).<\/p>\n<p data-pm-slice=\"1 1 &#091;&#093;\">Rechnungskopie: Das Bundesgesetz \u00fcber die Krankenversicherung (KVG) sieht vor, dass Patient:innen eine Kopie der Therapierechnung erhalten. Diese erhalten Sie automatisch per Mail, sofern wir Ihre E-Mail und Mobilnummer haben. Ansonsten drucken wir diese auf Anfrage gerne auf Papier aus.<\/p>\n<p data-pm-slice=\"1 1 &#091;&#093;\">Private Behandlungen oder nicht erstattete Kosten m\u00fcssen vom Klienten selbst getragen werden. Rechnungen sind innerhalb von 30 Tagen zu begleichen, und Zahlung vor Ort ist in bar, per Karte oder Twint m\u00f6glich.<\/p>\n<p>Im Falle ausstehender Pr\u00e4mien (Leistungsaufschub) bei der Krankenkasse bzw. Fehlen einer g\u00fcltigen Verordnung oder Unfalldaten werden Sie f\u00fcr die erbrachten Leistungen zahlungspflichtig.<br \/>\nBei Zahlungsverzug fallen Mahngeb\u00fchren an, die vom Klient zu tragen sind. Die Mahngeb\u00fchren betragen:<\/p>\n<ol>\n<li style=\"list-style-type: none;\">\n<ol class=\"marker:text-textOff list-decimal\" start=\"2\">\n<li>Mahnung: CHF 10<\/li>\n<li>Mahnung: CHF 20<\/li>\n<\/ol>\n<\/li>\n<\/ol>\n<p>10 Tage nach der dritten Mahnung wird der Fall automatisch und ohne weitere Vorank\u00fcndigung an eine externe Inkassofirma abgetreten.<br \/>\nS\u00e4mtliche Inkasso bedingte Kosten gehen zu Lasten des s\u00e4umigen Klienten, 4 Balance hat ab dem Zeitpunkt der Abtretung hierauf keinen Einfluss mehr.<\/p>\n<\/div><\/div><\/div><div class=\"fusion-panel panel-default panel-4eeb4ebdf86340d29 fusion-toggle-has-divider\" style=\"--awb-title-color:#970f2c;--awb-content-color:#4a4e57;\"><div class=\"panel-heading\"><h4 class=\"panel-title toggle\" id=\"toggle_4eeb4ebdf86340d29\"><a aria-expanded=\"false\" aria-controls=\"4eeb4ebdf86340d29\" role=\"button\" data-toggle=\"collapse\" data-parent=\"#accordion-9770-1\" data-target=\"#4eeb4ebdf86340d29\" href=\"#4eeb4ebdf86340d29\"><span class=\"fusion-toggle-icon-wrapper\" aria-hidden=\"true\"><i class=\"fa-fusion-box active-icon awb-icon-minus\" aria-hidden=\"true\"><\/i><i class=\"fa-fusion-box inactive-icon fa-angle-right fas\" aria-hidden=\"true\"><\/i><\/span><span class=\"fusion-toggle-heading\">5. R\u00fcckforderungen durch Versicherungen <\/span><\/a><\/h4><\/div><div id=\"4eeb4ebdf86340d29\" class=\"panel-collapse collapse \" aria-labelledby=\"toggle_4eeb4ebdf86340d29\"><div class=\"panel-body toggle-content fusion-clearfix\">\n<p>Falls eine Versicherung geleistete Zahlungen zur\u00fcckfordert, ist der Klient verantwortlich, diese Betr\u00e4ge zu \u00fcbernehmen und eigenst\u00e4ndig mit der Versicherung zu kl\u00e4ren. 4 Balance \u00fcbernimmt diesbez\u00fcglich keine R\u00fcckerstattungen.<\/p>\n<\/div><\/div><\/div><div class=\"fusion-panel panel-default panel-2ecd614f34b1362b1 fusion-toggle-has-divider\" style=\"--awb-title-color:#970f2c;--awb-content-color:#4a4e57;\"><div class=\"panel-heading\"><h4 class=\"panel-title toggle\" id=\"toggle_2ecd614f34b1362b1\"><a aria-expanded=\"false\" aria-controls=\"2ecd614f34b1362b1\" role=\"button\" data-toggle=\"collapse\" data-parent=\"#accordion-9770-1\" data-target=\"#2ecd614f34b1362b1\" href=\"#2ecd614f34b1362b1\"><span class=\"fusion-toggle-icon-wrapper\" aria-hidden=\"true\"><i class=\"fa-fusion-box active-icon awb-icon-minus\" aria-hidden=\"true\"><\/i><i class=\"fa-fusion-box inactive-icon fa-angle-right fas\" aria-hidden=\"true\"><\/i><\/span><span class=\"fusion-toggle-heading\">6. Verweigerung der Zahlung durch Versicherungen<\/span><\/a><\/h4><\/div><div id=\"2ecd614f34b1362b1\" class=\"panel-collapse collapse \" aria-labelledby=\"toggle_2ecd614f34b1362b1\"><div class=\"panel-body toggle-content fusion-clearfix\">\n<p>Sollte eine Kranken-, Unfall- oder Invalidenversicherung die Kosten\u00fcbernahme ganz oder teilweise verweigern oder keine Kostengutsprache erteilen, tr\u00e4gt der Klient die volle finanzielle Verantwortung f\u00fcr s\u00e4mtliche Behandlungskosten.<\/p>\n<p>Es empfiehlt sich vor Behandlungsbeginn eine Kosten\u00fcbernahmezusage der zust\u00e4ndigen Versicherung einzuholen und allf\u00e4llige Unklarheiten bez\u00fcglich der Zust\u00e4ndigkeit oder der Leistungspflicht zu kl\u00e4ren. Fehlende Kostengutsprachen oder offene Abkl\u00e4rungen entbinden den Klienten nicht von seiner Zahlungspflicht gegen\u00fcber der Praxis.<\/p>\n<p>Zus\u00e4tzlich liegt es in der Verantwortung des Klienten, sich rechtzeitig um allf\u00e4llige fehlende Arztberichte oder \u00e4rztliche Verordnungen zu k\u00fcmmern, die f\u00fcr die Erteilung einer Kostengutsprache zwingend erforderlich sind.<\/p>\n<p>Von der Praxis erstellte Therapieberichte, die im Zusammenhang mit einer notwendigen Kosten\u00fcbernahme, Verl\u00e4ngerung der Behandlungsbewilligung oder versicherungsrelevanten Abkl\u00e4rungen stehen und auf Anfrage des Arztes oder der Versicherung verfasst werden, k\u00f6nnen je nach Umfang kostenpflichtig sein. Diese Kosten werden dem Klienten separat in Rechnung gestellt.<\/p>\n<\/div><\/div><\/div><div class=\"fusion-panel panel-default panel-98805a503b062986c fusion-toggle-has-divider\" style=\"--awb-title-color:#970f2c;--awb-content-color:#4a4e57;\"><div class=\"panel-heading\"><h4 class=\"panel-title toggle\" id=\"toggle_98805a503b062986c\"><a aria-expanded=\"false\" aria-controls=\"98805a503b062986c\" role=\"button\" data-toggle=\"collapse\" data-parent=\"#accordion-9770-1\" data-target=\"#98805a503b062986c\" href=\"#98805a503b062986c\"><span class=\"fusion-toggle-icon-wrapper\" aria-hidden=\"true\"><i class=\"fa-fusion-box active-icon awb-icon-minus\" aria-hidden=\"true\"><\/i><i class=\"fa-fusion-box inactive-icon fa-angle-right fas\" aria-hidden=\"true\"><\/i><\/span><span class=\"fusion-toggle-heading\">7. Behandlungsumfang und Erfolg<\/span><\/a><\/h4><\/div><div id=\"98805a503b062986c\" class=\"panel-collapse collapse \" aria-labelledby=\"toggle_98805a503b062986c\"><div class=\"panel-body toggle-content fusion-clearfix\">\n<p>Die Behandlungen erfolgen nach heutigen anerkannten physiotherapeutischen und therapeutischen Standards. Ein Erfolg der Behandlung kann jedoch nicht garantiert werden.<\/p>\n<\/div><\/div><\/div><div class=\"fusion-panel panel-default panel-46dd365706879dae4 fusion-toggle-has-divider\" style=\"--awb-title-color:#970f2c;--awb-content-color:#4a4e57;\"><div class=\"panel-heading\"><h4 class=\"panel-title toggle\" id=\"toggle_46dd365706879dae4\"><a aria-expanded=\"false\" aria-controls=\"46dd365706879dae4\" role=\"button\" data-toggle=\"collapse\" data-parent=\"#accordion-9770-1\" data-target=\"#46dd365706879dae4\" href=\"#46dd365706879dae4\"><span class=\"fusion-toggle-icon-wrapper\" aria-hidden=\"true\"><i class=\"fa-fusion-box active-icon awb-icon-minus\" aria-hidden=\"true\"><\/i><i class=\"fa-fusion-box inactive-icon fa-angle-right fas\" aria-hidden=\"true\"><\/i><\/span><span class=\"fusion-toggle-heading\">8. Trainingszentrum<\/span><\/a><\/h4><\/div><div id=\"46dd365706879dae4\" class=\"panel-collapse collapse \" aria-labelledby=\"toggle_46dd365706879dae4\"><div class=\"panel-body toggle-content fusion-clearfix\">\n<p class=\"mb-2 mt-6 text-lg first:mt-3\"><strong>Mitgliedschaft und Vertragsabschluss<\/strong><\/p>\n<p>Ihre Mitgliedschaft in unserem Trainingszentrum ist pers\u00f6nlich und nicht \u00fcbertragbar. Der Vertrag kommt durch Ihre Anmeldung und unsere Best\u00e4tigung zustande. Sollten Sie minderj\u00e4hrig sein, ben\u00f6tigen wir die schriftliche Einwilligung eines Erziehungsberechtigten.<\/p>\n<p class=\"mb-2 mt-6 text-lg first:mt-3\"><strong>Nutzung unserer Einrichtungen<\/strong><\/p>\n<p>Bei jedem Besuch unseres Zentrums bitten wir Sie, sich mit Ihrem Batch anzumelden. Die Nutzungsdauer bei Basicabos ist auf 2-3 Trainings pro Woche und einer Nutzungsdauer von 2h limitiert. Die Nutzung unserer Ger\u00e4te und Einrichtungen erfolgt auf eigene Gefahr. Wir empfehlen Ihnen den Abschluss einer privaten Haftpflichtversicherung. Bitte befolgen Sie stets die Anweisungen unseres Personals und beachten Sie die Hygienevorschriften und Verhaltensregeln.<br \/>\nIn den Sommerferien und an den Wochenenden mit Br\u00fcckentagen bleibt das Trainingszentrum am Samstagvormittag geschlossen.<\/p>\n<p class=\"mb-2 mt-6 text-lg first:mt-3\"><strong>Vertragsdauer und K\u00fcndigung<\/strong><\/p>\n<p>Die Laufzeit Ihres Vertrags richtet sich nach dem Abonnement, das Sie bei uns abgeschlossen haben und wird auf Wunsch automatisch verl\u00e4ngert.<\/p>\n<p class=\"mb-2 mt-6 text-lg first:mt-3\"><strong>Trainingsunterbruch<\/strong><\/p>\n<p>Ein Trainingsunterbruch ist nur gegen Vorlage eines \u00e4rztlichen Zeugnisses m\u00f6glich. Das Zeugnis muss die Dauer und den Grund f\u00fcr den Trainingsunterbruch klar ausweisen. Die Mitgliedschaft wird f\u00fcr die im Zeugnis angegebene Dauer pausiert und entsprechend verl\u00e4ngert. Bitte beachten Sie, dass wir Trainingsunterbr\u00fcche nur f\u00fcr Zeitr\u00e4ume von mindestens 4 -12 Wochen gew\u00e4hren.<\/p>\n<p class=\"mb-2 mt-6 text-lg first:mt-3\"><strong>Haftung und Versicherung<\/strong><\/p>\n<p>Unsere Haftung beschr\u00e4nkt sich auf F\u00e4lle von grober Fahrl\u00e4ssigkeit und Vorsatz. F\u00fcr pers\u00f6nliche Gegenst\u00e4nde und Wertsachen k\u00f6nnen wir keine Haftung \u00fcbernehmen. Wir empfehlen Ihnen, zudem eine eigene Unfallversicherung abzuschliessen.<\/p>\n<p><strong>Haftungsausschluss bei Trainingssch\u00e4den und vorbestehenden Erkrankungen:<\/strong><\/p>\n<p>Wir \u00fcbernehmen keine Haftung f\u00fcr Sch\u00e4digungen, die durch das Training selbst oder durch vorbestehende Erkrankungen entstehen. Es liegt in Ihrer Verantwortung, Ihren Gesundheitszustand vor Aufnahme des Trainings \u00e4rztlich abkl\u00e4ren zu lassen und uns \u00fcber relevante Vorerkrankungen zu informieren. Trainieren Sie stets im Rahmen Ihrer pers\u00f6nlichen Belastungsgrenzen und konsultieren Sie im Zweifelsfall einen Arzt.<\/p>\n<\/div><\/div><\/div><div class=\"fusion-panel panel-default panel-87587ce3ca0438508 fusion-toggle-has-divider\" style=\"--awb-title-color:#970f2c;--awb-content-color:#4a4e57;\"><div class=\"panel-heading\"><h4 class=\"panel-title toggle\" id=\"toggle_87587ce3ca0438508\"><a aria-expanded=\"false\" aria-controls=\"87587ce3ca0438508\" role=\"button\" data-toggle=\"collapse\" data-parent=\"#accordion-9770-1\" data-target=\"#87587ce3ca0438508\" href=\"#87587ce3ca0438508\"><span class=\"fusion-toggle-icon-wrapper\" aria-hidden=\"true\"><i class=\"fa-fusion-box active-icon awb-icon-minus\" aria-hidden=\"true\"><\/i><i class=\"fa-fusion-box inactive-icon fa-angle-right fas\" aria-hidden=\"true\"><\/i><\/span><span class=\"fusion-toggle-heading\">9. Gerichtsstand und anwendbares Recht <\/span><\/a><\/h4><\/div><div id=\"87587ce3ca0438508\" class=\"panel-collapse collapse \" aria-labelledby=\"toggle_87587ce3ca0438508\"><div class=\"panel-body toggle-content fusion-clearfix\">\n<p>Der Gerichtsstand f\u00fcr Streitigkeiten ist Basel, Schweiz, und es gilt ausschlie\u00dflich Schweizer Recht.<\/p>\n<\/div><\/div><\/div><div class=\"fusion-panel panel-default panel-7b4e3a180001987fd fusion-toggle-has-divider\" style=\"--awb-title-color:#970f2c;--awb-content-color:#4a4e57;\"><div class=\"panel-heading\"><h4 class=\"panel-title toggle\" id=\"toggle_7b4e3a180001987fd\"><a aria-expanded=\"false\" aria-controls=\"7b4e3a180001987fd\" role=\"button\" data-toggle=\"collapse\" data-parent=\"#accordion-9770-1\" data-target=\"#7b4e3a180001987fd\" href=\"#7b4e3a180001987fd\"><span class=\"fusion-toggle-icon-wrapper\" aria-hidden=\"true\"><i class=\"fa-fusion-box active-icon awb-icon-minus\" aria-hidden=\"true\"><\/i><i class=\"fa-fusion-box inactive-icon fa-angle-right fas\" aria-hidden=\"true\"><\/i><\/span><span class=\"fusion-toggle-heading\">10. Schlussbestimmungen <\/span><\/a><\/h4><\/div><div id=\"7b4e3a180001987fd\" class=\"panel-collapse collapse \" aria-labelledby=\"toggle_7b4e3a180001987fd\"><div class=\"panel-body toggle-content fusion-clearfix\">\n<p>4 Balance Concepts beh\u00e4lt sich vor, die AGB jederzeit zu \u00e4ndern. Die aktuelle Version ist auf unserer Website abrufbar. Sollten einzelne Bestimmungen unwirksam sein, bleibt die G\u00fcltigkeit der \u00fcbrigen Regelungen davon unber\u00fchrt.<\/p>\n<\/div><\/div><\/div><\/div><\/div><div class=\"fusion-separator fusion-full-width-sep\" style=\"align-self: center;margin-left: auto;margin-right: auto;margin-top:40px;width:100%;\"><\/div><div class=\"fusion-text fusion-text-1\"><p>Die Beantwortung der h\u00e4ufigsten Fragen rund um unsere Therapien und das Training finden Sie hier:<br \/>\n<a href=\"https:\/\/4balance.ch\/faq-haeufig-gestellte-fragen\/\">FAQ\u00a0<\/a><\/p>\n<p>AGB Version 1 \/ 07.2024<\/p>\n<\/div><\/div><\/div><div class=\"fusion-layout-column fusion_builder_column fusion-builder-column-3 fusion_builder_column_1_1 1_1 fusion-flex-column\" style=\"--awb-bg-size:cover;--awb-width-large:100%;--awb-margin-top-large:0px;--awb-spacing-right-large:1.92%;--awb-margin-bottom-large:20px;--awb-spacing-left-large:1.92%;--awb-width-medium:100%;--awb-order-medium:0;--awb-spacing-right-medium:1.92%;--awb-spacing-left-medium:1.92%;--awb-width-small:100%;--awb-order-small:0;--awb-spacing-right-small:1.92%;--awb-spacing-left-small:1.92%;\"><div class=\"fusion-column-wrapper fusion-column-has-shadow fusion-flex-justify-content-flex-start fusion-content-layout-column\"><\/div><\/div><\/div><\/div><\/p>\n","protected":false},"excerpt":{"rendered":"","protected":false},"author":4,"featured_media":0,"parent":0,"menu_order":0,"comment_status":"closed","ping_status":"closed","template":"100-width.php","meta":{"footnotes":""},"class_list":["post-9770","page","type-page","status-publish","hentry"],"_links":{"self":[{"href":"https:\/\/4balance.ch\/en\/wp-json\/wp\/v2\/pages\/9770","targetHints":{"allow":["GET"]}}],"collection":[{"href":"https:\/\/4balance.ch\/en\/wp-json\/wp\/v2\/pages"}],"about":[{"href":"https:\/\/4balance.ch\/en\/wp-json\/wp\/v2\/types\/page"}],"author":[{"embeddable":true,"href":"https:\/\/4balance.ch\/en\/wp-json\/wp\/v2\/users\/4"}],"replies":[{"embeddable":true,"href":"https:\/\/4balance.ch\/en\/wp-json\/wp\/v2\/comments?post=9770"}],"version-history":[{"count":28,"href":"https:\/\/4balance.ch\/en\/wp-json\/wp\/v2\/pages\/9770\/revisions"}],"predecessor-version":[{"id":10882,"href":"https:\/\/4balance.ch\/en\/wp-json\/wp\/v2\/pages\/9770\/revisions\/10882"}],"wp:attachment":[{"href":"https:\/\/4balance.ch\/en\/wp-json\/wp\/v2\/media?parent=9770"}],"curies":[{"name":"wp","href":"https:\/\/api.w.org\/{rel}","templated":true}]}}